{"id":8404,"date":"2021-08-05T15:00:05","date_gmt":"2021-08-05T15:00:05","guid":{"rendered":"https:\/\/grupointercom.ec\/es\/?page_id=8404"},"modified":"2023-08-22T15:22:19","modified_gmt":"2023-08-22T15:22:19","slug":"proyecto-social","status":"publish","type":"page","link":"https:\/\/grupointercom.ec\/es\/proyecto-social\/","title":{"rendered":"Proyecto Social"},"content":{"rendered":"\t\t<div data-elementor-type=\"wp-page\" data-elementor-id=\"8404\" class=\"elementor elementor-8404\">\n\t\t\t\t\t\t\t\t\t<section class=\"elementor-section elementor-top-section elementor-element elementor-element-8372dee elementor-section-stretched elementor-section-boxed elementor-section-height-default elementor-section-height-default\" data-id=\"8372dee\" data-element_type=\"section\" data-settings=\"{&quot;background_background&quot;:&quot;classic&quot;,&quot;stretch_section&quot;:&quot;section-stretched&quot;}\">\n\t\t\t\t\t\t<div class=\"elementor-container elementor-column-gap-no\">\n\t\t\t\t\t<div class=\"elementor-column elementor-col-100 elementor-top-column elementor-element elementor-element-ea604d5\" data-id=\"ea604d5\" data-element_type=\"column\">\n\t\t\t<div class=\"elementor-widget-wrap\">\n\t\t\t\t\t\t\t\t\t<\/div>\n\t\t<\/div>\n\t\t\t\t\t\t\t<\/div>\n\t\t<\/section>\n\t\t\t\t<section class=\"elementor-section elementor-top-section elementor-element elementor-element-9979367 elementor-section-boxed elementor-section-height-default elementor-section-height-default\" data-id=\"9979367\" data-element_type=\"section\">\n\t\t\t\t\t\t<div class=\"elementor-container elementor-column-gap-default\">\n\t\t\t\t\t<div class=\"elementor-column elementor-col-100 elementor-top-column elementor-element elementor-element-51635b7\" data-id=\"51635b7\" data-element_type=\"column\">\n\t\t\t<div class=\"elementor-widget-wrap elementor-element-populated\">\n\t\t\t\t\t\t\t\t<div class=\"elementor-element elementor-element-8d7010d elementor-widget__width-initial elementor-widget elementor-widget-heading\" data-id=\"8d7010d\" data-element_type=\"widget\" data-widget_type=\"heading.default\">\n\t\t\t\t<div class=\"elementor-widget-container\">\n\t\t\t<h2 class=\"elementor-heading-title elementor-size-default\"><br><h1 style=\"font-style: normal; white-space-collapse: collapse;\"><span style=\"color: rgb(0, 0, 0);\">Con Intercom Aprendemos en mi barrio<\/span><\/h1><\/h2>\t\t<\/div>\n\t\t\t\t<\/div>\n\t\t\t\t<div class=\"elementor-element elementor-element-e17047f elementor-widget__width-initial elementor-widget elementor-widget-text-editor\" data-id=\"e17047f\" data-element_type=\"widget\" data-widget_type=\"text-editor.default\">\n\t\t\t\t<div class=\"elementor-widget-container\">\n\t\t\t\t\t\t\t<p style=\"font-size: 16px; font-style: normal; font-weight: 400;\" align=\"justify\"><span style=\"color: #000000;\"><span style=\"font-weight: bold;\">GRUPO INTERCOM<\/span>\u00a0es una empresa de internet y televisi\u00f3n, que naci\u00f3 en Naranjal y hoy brinda este servicio a m\u00e1s de 15 ciudades del pa\u00eds. Para celebrarlo el\u00a0<span style=\"font-weight: bold;\">Ing. Christian Moreta<\/span>, Gerente de la empresa junto a sus socios, se han propuesto dar\u00a0<span style=\"font-weight: bold;\">IGUALDAD<\/span>\u00a0a los ni\u00f1os que menos recursos econ\u00f3micos tienen y as\u00ed retribuir la confianza que todas las familias naranjale\u00f1as nos han dado por m\u00e1s de una d\u00e9cada.<\/span><\/p>\t\t\t\t\t\t<\/div>\n\t\t\t\t<\/div>\n\t\t\t\t\t<\/div>\n\t\t<\/div>\n\t\t\t\t\t\t\t<\/div>\n\t\t<\/section>\n\t\t\t\t<section class=\"elementor-section elementor-top-section elementor-element elementor-element-362d729 elementor-section-boxed elementor-section-height-default elementor-section-height-default\" data-id=\"362d729\" data-element_type=\"section\">\n\t\t\t\t\t\t<div class=\"elementor-container elementor-column-gap-default\">\n\t\t\t\t\t<div class=\"elementor-column elementor-col-100 elementor-top-column elementor-element elementor-element-c2f8e8f\" data-id=\"c2f8e8f\" data-element_type=\"column\">\n\t\t\t<div class=\"elementor-widget-wrap elementor-element-populated\">\n\t\t\t\t\t\t\t\t<div class=\"elementor-element elementor-element-bc773c3 elementor-widget__width-initial elementor-widget elementor-widget-video\" data-id=\"bc773c3\" data-element_type=\"widget\" data-settings=\"{&quot;youtube_url&quot;:&quot;https:\\\/\\\/youtu.be\\\/-fB6o0ilTuY&quot;,&quot;video_type&quot;:&quot;youtube&quot;,&quot;controls&quot;:&quot;yes&quot;}\" data-widget_type=\"video.default\">\n\t\t\t\t<div class=\"elementor-widget-container\">\n\t\t\t\t\t<div class=\"elementor-wrapper elementor-open-inline\">\n\t\t\t<div class=\"elementor-video\"><\/div>\t\t<\/div>\n\t\t\t\t<\/div>\n\t\t\t\t<\/div>\n\t\t\t\t\t<\/div>\n\t\t<\/div>\n\t\t\t\t\t\t\t<\/div>\n\t\t<\/section>\n\t\t\t\t<section class=\"elementor-section elementor-top-section elementor-element elementor-element-5a7e5a26 elementor-section-boxed elementor-section-height-default elementor-section-height-default\" data-id=\"5a7e5a26\" data-element_type=\"section\">\n\t\t\t\t\t\t<div class=\"elementor-container elementor-column-gap-default\">\n\t\t\t\t\t<div class=\"elementor-column elementor-col-100 elementor-top-column elementor-element elementor-element-e3781ac\" data-id=\"e3781ac\" data-element_type=\"column\">\n\t\t\t<div class=\"elementor-widget-wrap elementor-element-populated\">\n\t\t\t\t\t\t\t\t<div class=\"elementor-element elementor-element-593c26fc elementor-widget__width-initial elementor-widget elementor-widget-text-editor\" data-id=\"593c26fc\" data-element_type=\"widget\" data-widget_type=\"text-editor.default\">\n\t\t\t\t<div class=\"elementor-widget-container\">\n\t\t\t\t\t\t\t<h1>\u00a0<\/h1><p align=\"justify\"><span style=\"color: #000000;\">Estamos conscientes de que en Ecuador s\u00f3lo el 37% de los hogares tiene acceso a internet, lo que significa que 6 de cada 10 ni\u00f1os no estudian, es decir m\u00e1s de un mill\u00f3n de ni\u00f1os actualmente. Frente a esta situaci\u00f3n de desigualdad, surge el proyecto comunitario denominado <strong>\u201cCON INTERCOM APRENDEMOS EN MI BARRIO\u201d<\/strong>. Con este proyecto vamos a evitar que centenares de ni\u00f1os Naranjale\u00f1os abandonen sus estudios. <\/span><\/p><p align=\"justify\"><span style=\"color: #000000;\">Vamos a darle igualdad de oportunidades a todos ellos para que se eduquen y adquieran conocimientos, capacit\u00e1ndolos en el uso del internet y las plataformas educativas.\u00a0 Tambi\u00e9n se brindar\u00e1n capacitaciones a los padres para que ayuden a sus hijos. Con ello, no s\u00f3lo vamos a dotar de un punto de internet, vamos a mejorar la vida de nuestros ni\u00f1os y sus familias.\u00a0 Nuestra meta es beneficiar a m\u00e1s de <strong>5000 familias<\/strong> y cada semana te estaremos informando en que barrio nos encontramos. Recuerda que este es un proyecto comunitario 100% gratuito.<\/span><\/p><p><span style=\"color: #000000;\">S\u00ed tu ciudadela, barrio o recinto a\u00fan no accede a este beneficio, escr\u00edbenos a nuestros canales oficiales:\u00a0<\/span><\/p><p><span style=\"color: #000000;\"><strong>Correo: <\/strong>gerencia@grupointercom.ec<\/span><\/p><p><span style=\"color: #000000;\"><strong>Facebook<span style=\"font-style: inherit; background-color: var(--ast-global-color-4);\"> e I<\/span>nstagram:<\/strong><\/span><span style=\"color: #000000; font-style: inherit; font-weight: inherit; background-color: var(--ast-global-color-4);\"> @grupointercom.ec<\/span><\/p><h3>\u00a0<\/h3><h2><span style=\"color: #000000;\">Ciudadela San Felipe<\/span><\/h2><p align=\"justify\"><span style=\"color: #000000;\">Conoce c\u00f3mo fue el proceso de socializaci\u00f3n de nuestro Programa Comunitario \u201cCon Intercom Aprendemos en mi Barrio\u201d con los moradores del sector y todos los detalles de lo que fue la inauguraci\u00f3n del punto WIFI GRATIS el pasado 16 de julio, donde los ni\u00f1os se divirtieron junto al equipo de intercom con muchos juegos y concursos.<\/span><\/p>\t\t\t\t\t\t<\/div>\n\t\t\t\t<\/div>\n\t\t\t\t\t<\/div>\n\t\t<\/div>\n\t\t\t\t\t\t\t<\/div>\n\t\t<\/section>\n\t\t\t\t<section class=\"elementor-section elementor-top-section elementor-element elementor-element-86ec7ae elementor-section-boxed elementor-section-height-default elementor-section-height-default\" data-id=\"86ec7ae\" data-element_type=\"section\">\n\t\t\t\t\t\t<div class=\"elementor-container elementor-column-gap-default\">\n\t\t\t\t\t<div class=\"elementor-column elementor-col-100 elementor-top-column elementor-element elementor-element-4bfcffb\" data-id=\"4bfcffb\" data-element_type=\"column\">\n\t\t\t<div class=\"elementor-widget-wrap elementor-element-populated\">\n\t\t\t\t\t\t\t\t<div class=\"elementor-element elementor-element-12a5b05 elementor-widget__width-initial elementor-widget elementor-widget-video\" data-id=\"12a5b05\" data-element_type=\"widget\" data-settings=\"{&quot;youtube_url&quot;:&quot;https:\\\/\\\/www.youtube.com\\\/watch?v=U75-9-Qpj1E&quot;,&quot;video_type&quot;:&quot;youtube&quot;,&quot;controls&quot;:&quot;yes&quot;}\" data-widget_type=\"video.default\">\n\t\t\t\t<div class=\"elementor-widget-container\">\n\t\t\t\t\t<div class=\"elementor-wrapper elementor-open-inline\">\n\t\t\t<div class=\"elementor-video\"><\/div>\t\t<\/div>\n\t\t\t\t<\/div>\n\t\t\t\t<\/div>\n\t\t\t\t\t<\/div>\n\t\t<\/div>\n\t\t\t\t\t\t\t<\/div>\n\t\t<\/section>\n\t\t\t\t<section class=\"elementor-section elementor-top-section elementor-element elementor-element-77d9726 elementor-section-boxed elementor-section-height-default elementor-section-height-default\" data-id=\"77d9726\" data-element_type=\"section\">\n\t\t\t\t\t\t<div class=\"elementor-container elementor-column-gap-default\">\n\t\t\t\t\t<div class=\"elementor-column elementor-col-100 elementor-top-column elementor-element elementor-element-2765bb6\" data-id=\"2765bb6\" data-element_type=\"column\">\n\t\t\t<div class=\"elementor-widget-wrap elementor-element-populated\">\n\t\t\t\t\t\t\t\t<div class=\"elementor-element elementor-element-12754f6 elementor-widget elementor-widget-text-editor\" data-id=\"12754f6\" data-element_type=\"widget\" data-widget_type=\"text-editor.default\">\n\t\t\t\t<div class=\"elementor-widget-container\">\n\t\t\t\t\t\t\t<h1>\u00a0<\/h1><h1 class=\"title style-scope ytd-video-primary-info-renderer\" style=\"font-style: normal;\"><span style=\"color: #000000;\">Sector 11 de Julio<\/span><\/h1><p><span style=\"color: #000000;\">Te mostramos toda la alegr\u00eda que se vivi\u00f3 en la inauguraci\u00f3n del servicio creado para que los ni\u00f1os y ni\u00f1as del sector puedan acceder a sus clases virtuales.<\/span><\/p>\t\t\t\t\t\t<\/div>\n\t\t\t\t<\/div>\n\t\t\t\t\t<\/div>\n\t\t<\/div>\n\t\t\t\t\t\t\t<\/div>\n\t\t<\/section>\n\t\t\t\t<section class=\"elementor-section elementor-top-section elementor-element elementor-element-af623b0 elementor-section-boxed elementor-section-height-default elementor-section-height-default\" data-id=\"af623b0\" data-element_type=\"section\">\n\t\t\t\t\t\t<div class=\"elementor-container elementor-column-gap-default\">\n\t\t\t\t\t<div class=\"elementor-column elementor-col-100 elementor-top-column elementor-element elementor-element-a0bfbb3\" data-id=\"a0bfbb3\" data-element_type=\"column\">\n\t\t\t<div class=\"elementor-widget-wrap elementor-element-populated\">\n\t\t\t\t\t\t\t\t<div class=\"elementor-element elementor-element-c0f3f34 elementor-widget__width-initial elementor-widget elementor-widget-video\" data-id=\"c0f3f34\" data-element_type=\"widget\" data-settings=\"{&quot;youtube_url&quot;:&quot;https:\\\/\\\/www.youtube.com\\\/watch?v=8EeKPVR9HRI&quot;,&quot;video_type&quot;:&quot;youtube&quot;,&quot;controls&quot;:&quot;yes&quot;}\" data-widget_type=\"video.default\">\n\t\t\t\t<div class=\"elementor-widget-container\">\n\t\t\t\t\t<div class=\"elementor-wrapper elementor-open-inline\">\n\t\t\t<div class=\"elementor-video\"><\/div>\t\t<\/div>\n\t\t\t\t<\/div>\n\t\t\t\t<\/div>\n\t\t\t\t\t<\/div>\n\t\t<\/div>\n\t\t\t\t\t\t\t<\/div>\n\t\t<\/section>\n\t\t\t\t<section class=\"elementor-section elementor-top-section elementor-element elementor-element-92e9bd6 elementor-section-boxed elementor-section-height-default elementor-section-height-default\" data-id=\"92e9bd6\" data-element_type=\"section\">\n\t\t\t\t\t\t<div class=\"elementor-container elementor-column-gap-default\">\n\t\t\t\t\t<div class=\"elementor-column elementor-col-100 elementor-top-column elementor-element elementor-element-3c116f6\" data-id=\"3c116f6\" data-element_type=\"column\">\n\t\t\t<div class=\"elementor-widget-wrap elementor-element-populated\">\n\t\t\t\t\t\t\t\t<section class=\"elementor-section elementor-inner-section elementor-element elementor-element-cf664aa elementor-section-boxed elementor-section-height-default elementor-section-height-default\" data-id=\"cf664aa\" data-element_type=\"section\">\n\t\t\t\t\t\t<div class=\"elementor-container elementor-column-gap-default\">\n\t\t\t\t\t<div class=\"elementor-column elementor-col-50 elementor-inner-column elementor-element elementor-element-3b5c414\" data-id=\"3b5c414\" data-element_type=\"column\">\n\t\t\t<div class=\"elementor-widget-wrap\">\n\t\t\t\t\t\t\t\t\t<\/div>\n\t\t<\/div>\n\t\t\t\t<div class=\"elementor-column elementor-col-50 elementor-inner-column elementor-element elementor-element-d2c586a\" data-id=\"d2c586a\" data-element_type=\"column\">\n\t\t\t<div class=\"elementor-widget-wrap\">\n\t\t\t\t\t\t\t\t\t<\/div>\n\t\t<\/div>\n\t\t\t\t\t\t\t<\/div>\n\t\t<\/section>\n\t\t\t\t\t<\/div>\n\t\t<\/div>\n\t\t\t\t\t\t\t<\/div>\n\t\t<\/section>\n\t\t\t\t<section class=\"elementor-section elementor-top-section elementor-element elementor-element-0bd3eab elementor-section-boxed elementor-section-height-default elementor-section-height-default\" data-id=\"0bd3eab\" data-element_type=\"section\">\n\t\t\t\t\t\t<div class=\"elementor-container elementor-column-gap-default\">\n\t\t\t\t\t<div class=\"elementor-column elementor-col-100 elementor-top-column elementor-element elementor-element-95ad91e\" data-id=\"95ad91e\" data-element_type=\"column\">\n\t\t\t<div class=\"elementor-widget-wrap elementor-element-populated\">\n\t\t\t\t\t\t\t\t<div class=\"elementor-element elementor-element-97e946e elementor-widget elementor-widget-text-editor\" data-id=\"97e946e\" data-element_type=\"widget\" data-widget_type=\"text-editor.default\">\n\t\t\t\t<div class=\"elementor-widget-container\">\n\t\t\t\t\t\t\t<p style=\"font-size: 16px; font-style: normal; font-weight: 400;\"><span style=\"background-color: var(--ast-global-color-4); color: #000000; font-family: Staatliches, display; font-size: 4.6875rem;\">Ciudadela Guayacanes<\/span><\/p>\t\t\t\t\t\t<\/div>\n\t\t\t\t<\/div>\n\t\t\t\t\t<\/div>\n\t\t<\/div>\n\t\t\t\t\t\t\t<\/div>\n\t\t<\/section>\n\t\t\t\t<section class=\"elementor-section elementor-top-section elementor-element elementor-element-961acde elementor-section-boxed elementor-section-height-default elementor-section-height-default\" data-id=\"961acde\" data-element_type=\"section\">\n\t\t\t\t\t\t<div class=\"elementor-container elementor-column-gap-default\">\n\t\t\t\t\t<div class=\"elementor-column elementor-col-100 elementor-top-column elementor-element elementor-element-c878158\" data-id=\"c878158\" data-element_type=\"column\">\n\t\t\t<div class=\"elementor-widget-wrap elementor-element-populated\">\n\t\t\t\t\t\t\t\t<div class=\"elementor-element elementor-element-1dfcd1c elementor-widget__width-initial elementor-widget elementor-widget-video\" data-id=\"1dfcd1c\" data-element_type=\"widget\" data-settings=\"{&quot;youtube_url&quot;:&quot;https:\\\/\\\/www.youtube.com\\\/watch?v=rAw-v3Haz7k&quot;,&quot;video_type&quot;:&quot;youtube&quot;,&quot;controls&quot;:&quot;yes&quot;}\" data-widget_type=\"video.default\">\n\t\t\t\t<div class=\"elementor-widget-container\">\n\t\t\t\t\t<div class=\"elementor-wrapper elementor-open-inline\">\n\t\t\t<div class=\"elementor-video\"><\/div>\t\t<\/div>\n\t\t\t\t<\/div>\n\t\t\t\t<\/div>\n\t\t\t\t\t<\/div>\n\t\t<\/div>\n\t\t\t\t\t\t\t<\/div>\n\t\t<\/section>\n\t\t\t\t<section class=\"elementor-section elementor-top-section elementor-element elementor-element-7f55c40 elementor-section-boxed elementor-section-height-default elementor-section-height-default\" data-id=\"7f55c40\" data-element_type=\"section\">\n\t\t\t\t\t\t<div class=\"elementor-container elementor-column-gap-default\">\n\t\t\t\t\t<div class=\"elementor-column elementor-col-100 elementor-top-column elementor-element elementor-element-7958977\" data-id=\"7958977\" data-element_type=\"column\">\n\t\t\t<div class=\"elementor-widget-wrap elementor-element-populated\">\n\t\t\t\t\t\t\t\t<div class=\"elementor-element elementor-element-75aa041 elementor-widget elementor-widget-text-editor\" data-id=\"75aa041\" data-element_type=\"widget\" data-widget_type=\"text-editor.default\">\n\t\t\t\t<div class=\"elementor-widget-container\">\n\t\t\t\t\t\t\t<h1>\u00a0<\/h1><h1 class=\"title style-scope ytd-video-primary-info-renderer\" style=\"font-style: normal;\"><span style=\"color: #000000;\">Ciudadela Brisas Del R\u00edo<\/span><\/h1>\t\t\t\t\t\t<\/div>\n\t\t\t\t<\/div>\n\t\t\t\t\t<\/div>\n\t\t<\/div>\n\t\t\t\t\t\t\t<\/div>\n\t\t<\/section>\n\t\t\t\t<section class=\"elementor-section elementor-top-section elementor-element elementor-element-a6234cd elementor-section-boxed elementor-section-height-default elementor-section-height-default\" data-id=\"a6234cd\" data-element_type=\"section\">\n\t\t\t\t\t\t<div class=\"elementor-container elementor-column-gap-default\">\n\t\t\t\t\t<div class=\"elementor-column elementor-col-100 elementor-top-column elementor-element elementor-element-838cc4d\" data-id=\"838cc4d\" data-element_type=\"column\">\n\t\t\t<div class=\"elementor-widget-wrap elementor-element-populated\">\n\t\t\t\t\t\t\t\t<div class=\"elementor-element elementor-element-8c39a55 elementor-widget__width-initial elementor-widget elementor-widget-video\" data-id=\"8c39a55\" data-element_type=\"widget\" data-settings=\"{&quot;youtube_url&quot;:&quot;https:\\\/\\\/www.youtube.com\\\/watch?v=Z7QJSXgAOQ0&quot;,&quot;video_type&quot;:&quot;youtube&quot;,&quot;controls&quot;:&quot;yes&quot;}\" data-widget_type=\"video.default\">\n\t\t\t\t<div class=\"elementor-widget-container\">\n\t\t\t\t\t<div class=\"elementor-wrapper elementor-open-inline\">\n\t\t\t<div class=\"elementor-video\"><\/div>\t\t<\/div>\n\t\t\t\t<\/div>\n\t\t\t\t<\/div>\n\t\t\t\t\t<\/div>\n\t\t<\/div>\n\t\t\t\t\t\t\t<\/div>\n\t\t<\/section>\n\t\t\t\t<section class=\"elementor-section elementor-top-section elementor-element elementor-element-ab81439 elementor-section-boxed elementor-section-height-default elementor-section-height-default\" data-id=\"ab81439\" data-element_type=\"section\">\n\t\t\t\t\t\t<div class=\"elementor-container elementor-column-gap-default\">\n\t\t\t\t\t<div class=\"elementor-column elementor-col-100 elementor-top-column elementor-element elementor-element-f5c5556\" data-id=\"f5c5556\" data-element_type=\"column\">\n\t\t\t<div class=\"elementor-widget-wrap elementor-element-populated\">\n\t\t\t\t\t\t\t\t<div class=\"elementor-element elementor-element-2e33cc1 elementor-widget elementor-widget-text-editor\" data-id=\"2e33cc1\" data-element_type=\"widget\" data-widget_type=\"text-editor.default\">\n\t\t\t\t<div class=\"elementor-widget-container\">\n\t\t\t\t\t\t\t<p style=\"font-size: 16px; font-style: normal; font-weight: 400;\">\u00a0<\/p><h1 class=\"title style-scope ytd-video-primary-info-renderer\" style=\"font-style: normal;\"><span style=\"color: #000000;\">Ciudadela San Andr\u00e9s<\/span><\/h1><p style=\"font-size: 16px; font-style: normal; font-weight: 400; text-align: justify;\"><span style=\"color: #000000; background-color: var(--ast-global-color-4);\">Luego de la visita de socializaci\u00f3n de nuestro gerente con los habitantes de la Cdla. San Andr\u00e9s, los t\u00e9cnicos instalaron el punto de internet gratuito el pasado 15 de Julio y los moradores llegaron a la gran inauguraci\u00f3n, aqu\u00ed los ni\u00f1os se divirtieron junto a nuestro equipo con muchos juegos y concursos.<\/span><\/p>\t\t\t\t\t\t<\/div>\n\t\t\t\t<\/div>\n\t\t\t\t\t<\/div>\n\t\t<\/div>\n\t\t\t\t\t\t\t<\/div>\n\t\t<\/section>\n\t\t\t\t<section class=\"elementor-section elementor-top-section elementor-element elementor-element-4fb9870 elementor-section-boxed elementor-section-height-default elementor-section-height-default\" data-id=\"4fb9870\" data-element_type=\"section\">\n\t\t\t\t\t\t<div class=\"elementor-container elementor-column-gap-default\">\n\t\t\t\t\t<div class=\"elementor-column elementor-col-100 elementor-top-column elementor-element elementor-element-0935c73\" data-id=\"0935c73\" data-element_type=\"column\">\n\t\t\t<div class=\"elementor-widget-wrap elementor-element-populated\">\n\t\t\t\t\t\t\t\t<div class=\"elementor-element elementor-element-1c3064b elementor-widget__width-initial elementor-widget elementor-widget-video\" data-id=\"1c3064b\" data-element_type=\"widget\" data-settings=\"{&quot;youtube_url&quot;:&quot;https:\\\/\\\/www.youtube.com\\\/watch?v=2t8hPAPyFGg&quot;,&quot;video_type&quot;:&quot;youtube&quot;,&quot;controls&quot;:&quot;yes&quot;}\" data-widget_type=\"video.default\">\n\t\t\t\t<div class=\"elementor-widget-container\">\n\t\t\t\t\t<div class=\"elementor-wrapper elementor-open-inline\">\n\t\t\t<div class=\"elementor-video\"><\/div>\t\t<\/div>\n\t\t\t\t<\/div>\n\t\t\t\t<\/div>\n\t\t\t\t\t<\/div>\n\t\t<\/div>\n\t\t\t\t\t\t\t<\/div>\n\t\t<\/section>\n\t\t\t\t\t\t\t<\/div>\n\t\t","protected":false},"excerpt":{"rendered":"<p>Con Intercom Aprendemos en mi barrio GRUPO INTERCOM\u00a0es una empresa de internet y televisi\u00f3n, que naci\u00f3 en Naranjal y hoy brinda este servicio a m\u00e1s de 15 ciudades del pa\u00eds. Para celebrarlo el\u00a0Ing. Christian Moreta, Gerente de la empresa junto a sus socios, se han propuesto dar\u00a0IGUALDAD\u00a0a los ni\u00f1os que menos recursos econ\u00f3micos tienen y &hellip;<\/p>\n<p class=\"read-more\"> <a class=\"\" href=\"https:\/\/grupointercom.ec\/es\/proyecto-social\/\"> <span class=\"screen-reader-text\">Proyecto Social<\/span> Leer m\u00e1s &raquo;<\/a><\/p>\n","protected":false},"author":1,"featured_media":0,"parent":0,"menu_order":0,"comment_status":"closed","ping_status":"closed","template":"elementor_header_footer","meta":{"site-sidebar-layout":"default","site-content-layout":"default","ast-global-header-display":"","ast-banner-title-visibility":"","ast-main-header-display":"","ast-hfb-above-header-display":"","ast-hfb-below-header-display":"","ast-hfb-mobile-header-display":"","site-post-title":"","ast-breadcrumbs-content":"","ast-featured-img":"","footer-sml-layout":"","theme-transparent-header-meta":"","adv-header-id-meta":"","stick-header-meta":"","header-above-stick-meta":"","header-main-stick-meta":"","header-below-stick-meta":"","footnotes":""},"class_list":["post-8404","page","type-page","status-publish","hentry"],"_links":{"self":[{"href":"https:\/\/grupointercom.ec\/es\/wp-json\/wp\/v2\/pages\/8404","targetHints":{"allow":["GET"]}}],"collection":[{"href":"https:\/\/grupointercom.ec\/es\/wp-json\/wp\/v2\/pages"}],"about":[{"href":"https:\/\/grupointercom.ec\/es\/wp-json\/wp\/v2\/types\/page"}],"author":[{"embeddable":true,"href":"https:\/\/grupointercom.ec\/es\/wp-json\/wp\/v2\/users\/1"}],"replies":[{"embeddable":true,"href":"https:\/\/grupointercom.ec\/es\/wp-json\/wp\/v2\/comments?post=8404"}],"version-history":[{"count":60,"href":"https:\/\/grupointercom.ec\/es\/wp-json\/wp\/v2\/pages\/8404\/revisions"}],"predecessor-version":[{"id":8726,"href":"https:\/\/grupointercom.ec\/es\/wp-json\/wp\/v2\/pages\/8404\/revisions\/8726"}],"wp:attachment":[{"href":"https:\/\/grupointercom.ec\/es\/wp-json\/wp\/v2\/media?parent=8404"}],"curies":[{"name":"wp","href":"https:\/\/api.w.org\/{rel}","templated":true}]}}